{"id":24,"date":"2011-03-08T10:17:18","date_gmt":"2011-03-08T14:17:18","guid":{"rendered":"http:\/\/guadagna-con-noi.com\/info-prodotti\/?page_id=24"},"modified":"2024-02-29T07:44:16","modified_gmt":"2024-02-29T11:44:16","slug":"manuale-del-team-leader","status":"publish","type":"page","link":"https:\/\/guadagna-con-noi.com\/info-prodotti\/?page_id=24","title":{"rendered":"Manuale del team leader"},"content":{"rendered":"<table align=\"center\" width=\"40\" bgcolor=\"#990000\" border=\"0\" cellpadding=\"1\" cellspacing=\"1\">\n<tr>\n<td align=center>\n<table align=\"center\" width=\"520\" bgcolor=\"white\" border=\"0\" cellpadding=\"10\" cellspacing=\"10\">\n<tr>\n<td colpsan=\"2\" height=\"1\"><\/td>\n<\/tr>\n<tr>\n<td style=\"text-align: left;\" width=\"50%\" valign=\"top\"><a target=\"_blank\" href=\"http:\/\/guadagna-con-noi.com\/guide-e-report\/manuale_del_team_leader.pdf\" rel=\"noopener\"><img decoding=\"async\" src=\"http:\/\/guadagna-con-noi.com\/guide-e-report\/manuale_del_team_leader.bmp\" border=\"0\" width=\"200\"><\/a><\/td>\n<td style=\"text-align: left;\" width=\"50%\">\n\tUn team work (o gruppo di lavoro) \u00e8 una realt\u00e0 complessa dove vi \u00e8 una pluralit\u00e0 di individui, che si relazionano ed integrano tra di loro, per la realizzazione di un obiettivo professionale prestabilito.<\/td>\n<\/tr>\n<tr>\n<td style=\"text-align: center;\" colspan=\"2\"><b><a target=\"_blank\" href=\"http:\/\/guadagna-con-noi.com\/guide-e-report\/manuale_del_team_leader.pdf\" rel=\"noopener\">Clicca qui per accedere a questo prodotto:<br \/>\u00e8 un omaggio!<\/a><\/b><\/td>\n<\/tr>\n<\/table>\n<\/td>\n<\/tr>\n<\/table>\n<h6> <\/h6>\n","protected":false},"excerpt":{"rendered":"<p>Un team work (o gruppo di lavoro) \u00e8 una realt\u00e0 complessa dove vi \u00e8 una pluralit\u00e0 di individui, che si relazionano ed integrano tra di loro, per la realizzazione di un obiettivo professionale prestabilito. Clicca qui per accedere a questo prodotto:\u00e8 un omaggio!<\/p>\n","protected":false},"author":1,"featured_media":0,"parent":0,"menu_order":0,"comment_status":"open","ping_status":"closed","template":"","meta":{"footnotes":""},"class_list":["post-24","page","type-page","status-publish","hentry"],"_links":{"self":[{"href":"https:\/\/guadagna-con-noi.com\/info-prodotti\/index.php?rest_route=\/wp\/v2\/pages\/24","targetHints":{"allow":["GET"]}}],"collection":[{"href":"https:\/\/guadagna-con-noi.com\/info-prodotti\/index.php?rest_route=\/wp\/v2\/pages"}],"about":[{"href":"https:\/\/guadagna-con-noi.com\/info-prodotti\/index.php?rest_route=\/wp\/v2\/types\/page"}],"author":[{"embeddable":true,"href":"https:\/\/guadagna-con-noi.com\/info-prodotti\/index.php?rest_route=\/wp\/v2\/users\/1"}],"replies":[{"embeddable":true,"href":"https:\/\/guadagna-con-noi.com\/info-prodotti\/index.php?rest_route=%2Fwp%2Fv2%2Fcomments&post=24"}],"version-history":[{"count":1,"href":"https:\/\/guadagna-con-noi.com\/info-prodotti\/index.php?rest_route=\/wp\/v2\/pages\/24\/revisions"}],"predecessor-version":[{"id":650,"href":"https:\/\/guadagna-con-noi.com\/info-prodotti\/index.php?rest_route=\/wp\/v2\/pages\/24\/revisions\/650"}],"wp:attachment":[{"href":"https:\/\/guadagna-con-noi.com\/info-prodotti\/index.php?rest_route=%2Fwp%2Fv2%2Fmedia&parent=24"}],"curies":[{"name":"wp","href":"https:\/\/api.w.org\/{rel}","templated":true}]}}