{"id":4826,"date":"2012-10-13T21:38:37","date_gmt":"2012-10-13T19:38:37","guid":{"rendered":"http:\/\/www.guadagna-con-noi.com\/lacucinadisilvia\/?page_id=4826"},"modified":"2025-12-29T23:25:52","modified_gmt":"2025-12-29T22:25:52","slug":"privacy-cookie-policy","status":"publish","type":"page","link":"https:\/\/guadagna-con-noi.com\/lacucinadisilvia\/privacy-cookie-policy\/","title":{"rendered":"Privacy &#038; Cookie Policy"},"content":{"rendered":"\n<p><br \/>&nbsp;<br \/>Gentile Utente,<br \/>&nbsp;<br \/>desideriamo informarti che attraverso il Sito Web sul quale stai navigando (https:\/\/www.guadagna-con-noi.com\/lacucinadisilvia, in seguito definito &#8216;Blog&#8217;) i tuoi dati eventualmente raccolti saranno utilizzati per le seguenti finalit\u00e0:<\/p>\n<ul>\n<li>monitoraggio dell&#8217;infrastruttura,<\/li>\n<li>ottimizzazione e distribuzione del traffico,<\/li>\n<li>statistica e heat mapping,<\/li>\n<li>interazione con social network e servizi di messaggistica online,<\/li>\n<li>contatti, assistenza e feedback,<\/li>\n<li>visualizzazione di contenuti da piattaforme esterne.<\/li>\n<\/ul>\n<p>&nbsp;<br \/>&nbsp;<br \/>&nbsp;<br \/><span style=\"color: #9e7b22; font-size: 22px;\">&gt; Privacy<\/span><br \/>&nbsp;<br \/>&nbsp;<br \/>Nel pieno rispetto delle regole di riservatezza e di sicurezza previste dalla legge (<a href=\"http:\/\/www.garanteprivacy.it\/web\/guest\/home\/docweb\/-\/docweb-display\/export\/1311248\" target=\"_blank\" rel=\"noopener noreferrer\">D. Lgs. 196\/2003<\/a> &#8211; Codice in materia di protezione dei dati personali), ti facciamo presente che attraverso i moduli di contatto presenti sul Blog non richiediamo alcun tuo dato sensibile ma solo dati personali (nome, indirizzo email, sito web).<br \/>&nbsp;<br \/>&nbsp;<br \/>I dati personali che ci fornisci spontaneamente attraverso i moduli di contatto:<\/p>\n<ul>\n<li>saranno trattati con modalit\u00e0 sia automatizzate che manuali;<\/li>\n<li>saranno utilizzati per la gestione della tua richiesta di informazioni e di assistenza o per la ricezione e pubblicazione di testimonianze e commenti;<\/li>\n<li>non saranno conservati oltre il tempo strettamente necessario per rispondere alla tua richiesta;<\/li>\n<li>non saranno mai ceduti a n\u00e8 utilizzati da terzi.<\/li>\n<\/ul>\n<p>&nbsp;<br \/>&nbsp;<br \/>Il conferimento dei tuoi dati \u00e8 assolutamente facoltativo, tuttavia il loro mancato conferimento pu\u00f2 comportare per te l&#8217;impossibilit\u00e0 di ottenere quanto richiesto (es. risposta ad una tua richiesta di info).<br \/>&nbsp;<br \/>&nbsp;<br \/>&nbsp;<br \/><span style=\"color: #9e7b22; font-size: 22px;\">&gt; Cookie<\/span><br \/>&nbsp;<br \/>&nbsp;<br \/>I cookie sono brevi frammenti di testo (lettere e\/o numeri) che permettono al server web di memorizzare sul browser dell&#8217;utente informazioni da riutilizzare nel corso della medesima visita al sito oppure in seguito, anche a distanza di giorni.<br \/>&nbsp;<br \/>Sostanzialmente lo scopo principale dei cookie \u00e8 quello di far funzionare pi\u00f9 efficacemente il sito e di abilitarne determinate funzionalit\u00e0.<br \/>&nbsp;<br \/>Tecnologie similari, come ad esempio web beacon, GIF trasparenti e tutte le forme di storage locale introdotte con HTML5, sono utilizzabili per raccogliere informazioni sul comportamento dell&#8217;utente e sull&#8217;utilizzo dei servizi.<br \/>&nbsp;<br \/>&nbsp;<br \/>I cookie vengono memorizzati, in base alle preferenze dell&#8217;utente, dal singolo browser sullo specifico dispositivo utilizzato (computer, tablet, smartphone) ed \u00e8 possibile specificare se possono essere salvati tutti i tipi di cookie, solo alcuni o nessuno.<br \/>&nbsp;<br \/>Le modalit\u00e0 di funzionamento nonch\u00e9 le opzioni per limitare o bloccare i cookie, possono essere determinate dall&#8217;utente in qualsiasi momento modificando le impostazioni del proprio browser, semplicemente impostandolo in modo tale che esso:<\/p>\n<ul>\n<li>accetti tutti i cookie<\/li>\n<li>visualizzi un avviso ogni qual volta viene proposto un cookie, al fine di poter valutare se accettarne o meno l&#8217;installazione<\/li>\n<li>blocchi tutti i cookie in via definitiva, compromettendo tuttavia il corretto funzionamento di alcuni siti o funzionalit\u00e0 degli stessi.<\/li>\n<\/ul>\n<p>&nbsp;<br \/>Per maggiori informazioni su come gestire i cookie nel browser puoi consultare queste pagine: <a href=\"https:\/\/support.google.com\/chrome\/answer\/95647?hl=it&amp;p=cpn_cookies\" target=\"_blank\" rel=\"noopener noreferrer\">Chrome<\/a>, <a href=\"https:\/\/support.mozilla.org\/it\/kb\/Attivare%20e%20disattivare%20i%20cookie\" target=\"_blank\" rel=\"noopener noreferrer\">Firefox<\/a>, <a href=\"https:\/\/support.apple.com\/kb\/PH19214?viewlocale=it_IT&amp;locale=en_US\" target=\"_blank\" rel=\"noopener noreferrer\">Safari<\/a>, <a href=\"http:\/\/windows.microsoft.com\/it-it\/windows-vista\/block-or-allow-cookies\" target=\"_blank\" rel=\"noopener noreferrer\">Internet Explorer<\/a>, <a href=\"http:\/\/help.opera.com\/Mac\/12.10\/it\/cookies.html\" target=\"_blank\" rel=\"noopener noreferrer\">Opera<\/a>.<br \/>&nbsp;<br \/>&nbsp;<br \/>In base alle caratteristiche e all&#8217;utilizzo, possiamo distinguere i cookie in diverse tipologie:<br \/>&nbsp;<br \/>&gt; Cookie tecnici<br \/>Sono indispensabili per il corretto funzionamento del sito o si alcune porzioni di esso.<br \/>Essendo necessari, i cookie tecnici vengono sempre utilizzati, indipendentemente dalle preferenze dell&#8217;utente e senza bisogno del suo consenso preventivo.<br \/>&nbsp;<br \/>&gt; Cookie di analisi e prestazioni<br \/>Sono utilizzati in modo anonimo per monitorare il sistema, raccogliere e analizzare il traffico del sito, verificarne il corretto funzionamento, migliorarne le prestazioni e l&#8217;usabilit\u00e0, comprenderne l&#8217;utilizzo da parte dei visitatori (es. il modo in cui sono arrivati al sito, le parole chiave utilizzate e le pagine visitate).<br \/>La disattivazione di tali cookie pu\u00f2 essere eseguita senza alcuna perdita di funzionalit\u00e0.<br \/>&nbsp;<br \/>&gt; Cookie di profilazione<br \/>Servono per creare &#8216;profili utente&#8217; e vengono usati nel remarketing (es. con Google o con Facebook).<br \/>Sono cookie permanenti utilizzati per identificare (in modo anonimo e non) le preferenze dell&#8217;utente e migliorare la sua esperienza di navigazione.<br \/>&nbsp;<br \/>&nbsp;<br \/>In base alla loro durata, possiamo distinguere i cookie in due categorie:<br \/>&nbsp;<br \/>&gt; Cookie di sessione<br \/>Vengono memorizzati sul dispositivo dell&#8217;utente per mere esigenze tecnico-funzionali, per la trasmissione di dati identificativi di sessione necessari per consentire l&#8217;esplorazione sicura ed efficiente del sito; essi si cancellano al termine della sessione di navigazione ovvero con la chiusura del browser.<br \/>Questo tipo di cookie non costituisce uno strumento tecnicamente idoneo ad incidere sulla riservatezza della navigazione dell&#8217;utente;<br \/>&nbsp;<br \/>&gt; Cookie persistenti<br \/>Rimangono memorizzati sul disco rigido del dispositivo fino alla loro scadenza o alla cancellazione manuale da parte dell&#8217;utente; grazie a questo tipo di cookie tutti i visitatori che accedono al sito tramite il medesimo dispositivo vengono automaticamente \u201criconosciuti&#8221; a ogni visita, poich\u00e9 viene identificato il dispositivo stesso.<br \/>I cookie persistenti sono strumenti tecnici che abilitano numerose funzionalit\u00e0 ai fini di agevolare l&#8217;esperienza di navigazione dell&#8217;utente (es. l&#8217;impostazione della lingua o la registrazione del carrello negli acquisti online), tuttavia possono anche essere utilizzati per finalit\u00e0 promozionali o per effettuare attivit\u00e0 di tracciamento dell&#8217;utente.<br \/>&nbsp;<br \/>&nbsp;<br \/>In base alla loro gestione, possiamo suddividere i cookie in due gruppi:<br \/>&nbsp;<br \/>&gt; Cookie proprietari o di prima parte<br \/>Quando sono gestiti direttamente dal proprietario e\/o gestore del sito visitato dall&#8217;utente;<br \/>&nbsp;<br \/>&gt; Cookie di terza parte<br \/>Quando sono predisposti, impostati e gestiti da terzi che non siano il proprietario e\/o gestore del sito visitato dall&#8217;utente; ci\u00f2 accade perch\u00e9 sul sito visualizzato possono essere presenti elementi (es. immagini, mappe, icone che consentono di condividere il contenuto del sito sui social network, specifici link a pagine internet di altri domini) che risiedono su siti diversi.<br \/>I cookie di terze parti vengono utilizzati anche per personalizzare l&#8217;esposizione pubblicitaria a seconda dell&#8217;interesse dell&#8217;utente e della frequenza di esposizione al messaggio.<br \/>Infine gli inserzionisti potrebbero usare queste informazioni anche per misurare l&#8217;efficacia della loro pubblicit\u00e0.<br \/>&nbsp;<br \/>&nbsp;<br \/>L&#8217;utilizzo dei cookie che potrebbero tracciare il comportamento dell&#8217;utente, siano essi gestiti direttamente o da terzi, necessita l&#8217;acquisizione preventiva del libero consenso informato dell&#8217;utente.<br \/>&nbsp;<br \/>Sul punto va per\u00f2 precisato che, qualora tali cookie non fossero proprietari ma installati e gestiti direttamente da terze parti, occorre far riferimento alla policy specifica di tali terze parti, sulla quale il proprietario e\/o gestore del Blog nulla pu\u00f2 fare e non ne assume alcuna responsabilit\u00e0.<br \/>&nbsp;<br \/>Per revocare il proprio consenso si pu\u00f2 anche fare riferimento al seguente sito che consente la disabilitazione della maggior parte dei cookie di terze parti: <a href=\"http:\/\/www.youronlinechoices.com\/it\" target=\"_blank\" rel=\"noopener noreferrer\">Your Online Choices<\/a>.<br \/>&nbsp;<br \/>&nbsp;<br \/>Cookie di terze parti &#8211; Funzioni Social<br \/>&nbsp;<br \/>Sul Blog sono presenti i tasti di condivisione del contenuto sui social network (social plugin).<br \/>Tale presenza comporta la trasmissione di cookie da e verso i siti social gestiti da terze parti.<br \/>Come gi\u00e0 detto, la gestione delle informazioni raccolte da terze parti \u00e8 disciplinata dalle relative policy.<br \/>Per mera comodit\u00e0 dell&#8217;utente, riportiamo qui di seguito i link alle policy dei principali social network: <a href=\"https:\/\/www.facebook.com\/help\/cookies\" target=\"_blank\" rel=\"noopener noreferrer\">Facebook<\/a>, <a href=\"https:\/\/support.twitter.com\/articles\/20170514\" target=\"_blank\" rel=\"noopener noreferrer\">Twitter<\/a>, <a href=\"https:\/\/www.linkedin.com\/legal\/cookie-policy\" target=\"_blank\" rel=\"noopener noreferrer\">Linkedin<\/a>, <a href=\"http:\/\/www.google.it\/intl\/it\/policies\/technologies\/cookies\" target=\"_blank\" rel=\"noopener noreferrer\">Google+<\/a>, <a href=\"http:\/\/about.pinterest.com\/privacy\" target=\"_blank\" rel=\"noopener noreferrer\">Pinterest<\/a>.<br \/>&nbsp;<br \/>&nbsp;<br \/>Cookie di terze parti &#8211; Funzioni Google Analytics<br \/>&nbsp;<br \/>Sul Blog sono presenti anche talune componenti trasmesse da Google Analytics, un servizio di analisi del traffico web fornito da Google Inc.<br \/>Anche in questo caso si tratta di cookie di terze parti raccolti e gestiti in modo anonimo per monitorare e migliorare le prestazioni del Blog.<br \/>Per ulteriori informazioni si rimanda l&#8217;utente a questa pagina: <a href=\"https:\/\/www.google.it\/policies\/privacy\/partners\" target=\"_blank\" rel=\"noopener noreferrer\">Privacy Google<\/a>.<br \/>&nbsp;<br \/>&nbsp;<br \/>Cookie di terze parti &#8211; Affiliazioni Commerciali<br \/>&nbsp;<br \/>Sul Blog sono presenti annunci pubblicitari, sotto forma di link testuali o di banner grafici, relativi a prodotti o servizi offerti da terze parti.<br \/>I click su questi annunci sono tracciati dai servizi terzi, alle cui relative policy si rimanda l&#8217;utente.<br \/>&nbsp;<br \/>&nbsp;<br \/>&nbsp;<br \/><span style=\"color: #9e7b22; font-size: 22px;\">&gt; Ulteriori informazioni<\/span><br \/>&nbsp;<br \/>&nbsp;<br \/>Per necessit\u00e0 legate al funzionamento ed alla manutenzione, il Blog e gli eventuali servizi terzi da esso utilizzati potrebbero raccogliere Log di sistema, ossia file che registrano le interazioni e che possono contenere anche dati personali, quali l&#8217;indirizzo IP dell&#8217;utente.<br \/>&nbsp;<br \/>I dati personali dell&#8217;utente possono essere utilizzati da parte del proprietario e\/o gestore del Blog per la difesa in giudizio o nelle fasi propedeutiche alla sua eventuale instaurazione, da abusi nell&#8217;utilizzo della stessa o dei servizi connessi da parte dell&#8217;utente.<br \/>&nbsp;<br \/>L&#8217;utente dichiara di essere consapevole che al proprietario e\/o gestore del Blog potrebbe essere richiesto di rivelare i dati dell&#8217;utente su richiesta delle pubbliche autorit\u00e0.<br \/>&nbsp;<br \/>&nbsp;<br \/>&nbsp;<br \/><span style=\"color: #9e7b22; font-size: 22px;\">&gt; Aggiornamento<\/span><br \/>&nbsp;<br \/>&nbsp;<br \/>Considerando che lo stato di perfezionamento dei meccanismi automatici di controllo non li rende attualmente esenti da errori e disfunzioni, si precisa che il presente documento sar\u00e0 soggetto ad aggiornamenti, sempre consultabili in questa pagina web.<br \/>&nbsp;<br \/>Ultimo aggiornamento della Policy: 1 giugno 2020<\/p>\n","protected":false},"excerpt":{"rendered":"<p>&nbsp;Gentile Utente,&nbsp;desideriamo informarti che attraverso il Sito Web sul quale stai navigando (https:\/\/www.guadagna-con-noi.com\/lacucinadisilvia, in seguito definito &#8216;Blog&#8217;) i tuoi dati eventualmente raccolti saranno utilizzati per le seguenti finalit\u00e0: monitoraggio dell&#8217;infrastruttura, ottimizzazione e distribuzione del traffico, statistica e heat mapping, interazione con social network e servizi di messaggistica online, contatti, assistenza e feedback, visualizzazione di contenuti [&hellip;]<\/p>\n","protected":false},"author":1,"featured_media":0,"parent":0,"menu_order":0,"comment_status":"closed","ping_status":"closed","template":"","meta":{"footnotes":""},"class_list":["post-4826","page","type-page","status-publish","hentry"],"aioseo_notices":[],"_links":{"self":[{"href":"https:\/\/guadagna-con-noi.com\/lacucinadisilvia\/wp-json\/wp\/v2\/pages\/4826","targetHints":{"allow":["GET"]}}],"collection":[{"href":"https:\/\/guadagna-con-noi.com\/lacucinadisilvia\/wp-json\/wp\/v2\/pages"}],"about":[{"href":"https:\/\/guadagna-con-noi.com\/lacucinadisilvia\/wp-json\/wp\/v2\/types\/page"}],"author":[{"embeddable":true,"href":"https:\/\/guadagna-con-noi.com\/lacucinadisilvia\/wp-json\/wp\/v2\/users\/1"}],"replies":[{"embeddable":true,"href":"https:\/\/guadagna-con-noi.com\/lacucinadisilvia\/wp-json\/wp\/v2\/comments?post=4826"}],"version-history":[{"count":8,"href":"https:\/\/guadagna-con-noi.com\/lacucinadisilvia\/wp-json\/wp\/v2\/pages\/4826\/revisions"}],"predecessor-version":[{"id":6083,"href":"https:\/\/guadagna-con-noi.com\/lacucinadisilvia\/wp-json\/wp\/v2\/pages\/4826\/revisions\/6083"}],"wp:attachment":[{"href":"https:\/\/guadagna-con-noi.com\/lacucinadisilvia\/wp-json\/wp\/v2\/media?parent=4826"}],"curies":[{"name":"wp","href":"https:\/\/api.w.org\/{rel}","templated":true}]}}