{"id":5175,"date":"2022-07-19T23:49:04","date_gmt":"2022-07-19T21:49:04","guid":{"rendered":"http:\/\/www.guadagna-con-noi.com\/lacucinadisilvia\/?page_id=5175"},"modified":"2025-12-30T00:02:14","modified_gmt":"2025-12-29T23:02:14","slug":"fairy-platinum","status":"publish","type":"page","link":"https:\/\/guadagna-con-noi.com\/lacucinadisilvia\/fairy-platinum\/","title":{"rendered":"Fairy Platinum"},"content":{"rendered":"\n<p>\u00a0<br \/>\u00a0<br \/><strong>Grazie a Trnd ho potuto provare il detergente per lavastoviglie in capsule &#8216;Fairy Platinum&#8217;.<\/strong><br \/>\u00a0<br \/>\u00a0<br \/>Ho ricevuto un kit che conteneva:<br \/>\u00a0<br \/># per il tester:<br \/>\u00a0\u00a0\u00a0\u00a0&#8211; 1 confezione di Fairy Platinum da 21 capsule, variante Lemon;<br \/>\u00a0\u00a0\u00a0\u00a0&#8211; manuale del progetto con tante info esclusive ed interessanti.<br \/>\u00a0<br \/># da distribuire:<br \/>\u00a0\u00a0\u00a0\u00a0&#8211; 30 mini-confezioni di Fairy Platinum da 3 capsule ciascuna, variante Lemon;<br \/>\u00a0\u00a0\u00a0\u00a0&#8211; questionari per intervistare amici, parenti, colleghi e conoscenti.<br \/>\u00a0<br \/>\u00a0<br \/><img decoding=\"async\" src=\"https:\/\/guadagna-con-noi.com\/images\/fairyplatinum-kit-trnd.jpg\" width=\"510\" \/><br \/>\u00a0<br \/>\u00a0<br \/><strong>Info sul prodotto<\/strong><br \/>\u00a0<br \/>\u00a0<br \/>Fairy Platinum \u00e8 il detergente in capsule che si prende cura sia dei nostri piatti che della nostra lavastoviglie: grazie alla sua formula 3 in 1 garantisce infatti un\u2019azione pulente e sgrassante su piatti e stoviglie unita ad un\u2019azione brillantante e proteggi vetro, inoltre aiuta ad eliminare il grasso e lo sporco nascosto nella lavastoviglie, ad esempio negli scarichi e dentro il filtro.<br \/>\u00a0<br \/>La capsula \u00e8 monouso, idrosolubile e biodegradabile.<br \/>\u00a0<br \/>\u00a0<br \/>Utilizzare Fairy Platinum \u00e8 semplicissimo: basta mettere una capsula nella vaschetta apposita oppure nel cestello delle posate, selezionare il programma desiderato ed avviare il lavaggio.<br \/>\u00a0<br \/>Fairy Platinum \u00e8 efficace anche nei cicli brevi di lavaggio, inoltre non \u00e8 pi\u00f9 necessario pretrattare le stoviglie poich\u00e9 la capsula rimuove efficacemente lo sporco e il grasso pi\u00f9 ostinato gi\u00e0 dal primo lavaggio, con una azione a tutto tondo che garantisce la massima pulizia.<br \/>Una bella comodit\u00e0, no?<br \/>\u00a0<br \/>\u00a0<br \/>Fairy Platinum \u00e8 un prodotto P&amp;G, disponibile nelle tre versioni Original, Lemon e Orange, al prezzo consigliato di 7,49 \u20ac per la confezione da 30 capsule.<br \/>\u00a0<br \/>\u00a0<br \/><img decoding=\"async\" src=\"https:\/\/guadagna-con-noi.com\/images\/fairyplatinum-header.jpg\" width=\"510\" \/><br \/>\u00a0<br \/>\u00a0<br \/><strong>La mia esperienza<\/strong><br \/>\u00a0<br \/>\u00a0<br \/>Cucinare mi piace molto, un po&#8217; meno mi piace dover pulire e strofinare piatti, teglie e pentole incrostate&#8230; Per questo mi affido alla mia lavastoviglie! \ud83d\ude42<br \/>\u00a0<br \/>Grazie a questo progetto ho potuto provare Fairy Platinum e ne sono rimasta soddisfatta: lo ritengo un prodotto di qualit\u00e0 e consiglio a tutti di provarne l&#8217;efficacia.<br \/>\u00a0<br \/>\u00a0<br \/>Normalmente eliminino tutti i residui di cibo (sia i pezzetti solidi che le grandi quantit\u00e0 di sugo) da piatti e stoviglie, poi li metto in lavastovoglie (senza lasciarli in ammollo n\u00e9 fare un prelavaggio) ed utilizzo il lavaggio breve a temperatura minima (circa 45 minuti a 40\u00b0).<br \/>\u00a0<br \/>Con lo sporco molto unto (ma non necessariamente incrostato) solitamente utilizzo il lavaggio pi\u00f9 lungo e ad una temperatura pi\u00f9 elevata (circa 2 ore a 70\u00b0).<br \/>\u00a0<br \/>Con lo sporco molto incrostato (tipo la pasta al forno o le verdure gratinate) lascio sempre la stoviglia in ammollo per qualche ora prima del lavaggio, che solitamente faccio pi\u00f9 lungo.<br \/>\u00a0<br \/>\u00a0<br \/>Con Fairy Platinum ho ottenuto ottimi risultati sullo sporco normale e molto unto con il lavaggio breve: piatti e stoviglie perfettamente puliti e sgrassati.<br \/>\u00a0<br \/>Purtroppo non posso dire lo stesso sullo sporco molto incrostato&#8230;<br \/>Senza ammollo n\u00e9 prelavaggio, con il lavaggio breve sono rimaste alcune tracce incrostate di cibo, che invece sono completamente sparite quando ho utilizzato il lavaggio pi\u00f9 lungo (e sempre senza ammollo).<br \/>\u00a0<br \/>Naturalmente il risultato ottenuto non dipende solamente dal detersivo ma anche dalla lavastoviglie: io infatti ho una macchina di oltre 10 anni che ovviamente ha un rendimento inferiore rispetto a quando l&#8217;ho acquistata (rendimento gi\u00e0 constatato col detersivo che uso da sempre) o se confrontata con una lavastoviglie pi\u00f9 nuova.<br \/>\u00a0<br \/>\u00a0<br \/>La mia conclusione?<br \/>Sullo sporco incrostato, con Fairy Platinum posso evitare l&#8217;ammollo, ma preferisco non utilizzare il lavaggio breve a temperatura minima.<br \/>Sugli altri tipi di sporco Fairy Platinum mantiene le promesse!<br \/>\u00a0<br \/>\u00a0<br \/><img decoding=\"async\" src=\"https:\/\/guadagna-con-noi.com\/images\/fairyplatinum-prima-dopo.jpg\" width=\"510\" \/><br \/>\u00a0<br \/>\u00a0<br \/>Terminato il lavaggio, dopo qualche ora all&#8217;interno della macchina si sentiva un leggero odore di sporco, dovuto principalmente ai residui di cibo e di grasso rimasti nel filtro.<br \/>\u00a0<br \/>Per limitare il problema del cattivo odore ho sempre utilizzato mensilmente un cura-lavastoviglie per pulire a fondo il filtro e lo scarico, inoltre ogni tanto smontavo anche il filtro e lo lavavo a mano per eliminare a fondo i residui.<br \/>Saltuariamente ho anche utilizzato diversi deodoranti per lavastoviglie, ma non mi sono mai trovata davvero bene perch\u00e9 il loro profumo intenso copriva si l&#8217;odore della macchina, ma purtroppo impregnava anche le mie stoviglie!<br \/>\u00a0<br \/>\u00a0<br \/>Prima di iniziare il test ho effettuato la solita pulizia a fondo della mia lavastoviglie, dopodich\u00e9 ho utilizzato regolarmente Fairy Platinum per circa 35 giorni.<br \/>\u00a0<br \/>Dopo ogni lavaggio, all&#8217;interno della macchina \u00e8 sempre rimasto un delicato profumo di pulito (quello della capsula utilizzata per il lavaggio).<br \/>Quando ho smontato il filtro non c&#8217;era pi\u00f9 quella notevole quantit\u00e0 di residui, ed ho cos\u00ec evitato di effettuare la pulizia mensile con il cura-lavastoviglie.<br \/>\u00a0<br \/>\u00a0<br \/>La mia conclusione?<br \/>Fairy Platinum aiuta a mantenere pulita la lavastoviglie anche nelle parti nascoste, consentendomi di limitare l&#8217;utilizzo del cura-lavastoviglie e di evitare la pulizia manuale del filtro!<br \/>\u00a0<br \/>\u00a0<br \/><img decoding=\"async\" src=\"http:\/\/www.trnd.com\/it\/progetti\/fairy-platinum\/fase-pratica\/una-frase-per-tutti\/fairy-message-to-spread_full.jpg\" width=\"510\" \/><br \/>\u00a0<br \/>\u00a0<br \/>Un&#8217;ultima considerazione va fatta sul prezzo, che secondo me \u00e8 un piuttosto elevato rispetto ad altri detergenti per lavastoviglie.<br \/>Per la confezione da 30 capsule, a mio parere, sarebbe pi\u00f9 idoneo un costo attorno a 5 \u20ac (anzich\u00e8 7,49).<br \/>\u00a0<br \/>Bisogna tuttavia considerare che non occorre pi\u00f9 acquistare altri additivi (come il brillantante o il sale) e che si limita notevolmente l&#8217;acquisto del cura-lavastoviglie, poi si risparmia tempo evitando quasi sempre l&#8217;ammollo o il prelavaggio e infine si riduce il consumo di acqua ed energia utilizzando un ciclo breve.<br \/>\u00a0<br \/>\u00a0<br \/>La mia conclusione?<br \/>Credo che alla fine valga la pena pagare le caps leggermente di pi\u00f9, visti i benefici economici indiretti.<br \/>E comunque, per pagarlo un po&#8217; di meno, basta aspettare qualche buona offerta al supermercato e farne abbondante scorta!<br \/>\u00a0<\/p>\n","protected":false},"excerpt":{"rendered":"<p>\u00a0\u00a0Grazie a Trnd ho potuto provare il detergente per lavastoviglie in capsule &#8216;Fairy Platinum&#8217;.\u00a0\u00a0Ho ricevuto un kit che conteneva:\u00a0# per il tester:\u00a0\u00a0\u00a0\u00a0&#8211; 1 confezione di Fairy Platinum da 21 capsule, variante Lemon;\u00a0\u00a0\u00a0\u00a0&#8211; manuale del progetto con tante info esclusive ed interessanti.\u00a0# da distribuire:\u00a0\u00a0\u00a0\u00a0&#8211; 30 mini-confezioni di Fairy Platinum da 3 capsule ciascuna, variante Lemon;\u00a0\u00a0\u00a0\u00a0&#8211; questionari [&hellip;]<\/p>\n","protected":false},"author":1,"featured_media":0,"parent":0,"menu_order":0,"comment_status":"closed","ping_status":"closed","template":"","meta":{"footnotes":""},"class_list":["post-5175","page","type-page","status-publish","hentry"],"aioseo_notices":[],"_links":{"self":[{"href":"https:\/\/guadagna-con-noi.com\/lacucinadisilvia\/wp-json\/wp\/v2\/pages\/5175","targetHints":{"allow":["GET"]}}],"collection":[{"href":"https:\/\/guadagna-con-noi.com\/lacucinadisilvia\/wp-json\/wp\/v2\/pages"}],"about":[{"href":"https:\/\/guadagna-con-noi.com\/lacucinadisilvia\/wp-json\/wp\/v2\/types\/page"}],"author":[{"embeddable":true,"href":"https:\/\/guadagna-con-noi.com\/lacucinadisilvia\/wp-json\/wp\/v2\/users\/1"}],"replies":[{"embeddable":true,"href":"https:\/\/guadagna-con-noi.com\/lacucinadisilvia\/wp-json\/wp\/v2\/comments?post=5175"}],"version-history":[{"count":3,"href":"https:\/\/guadagna-con-noi.com\/lacucinadisilvia\/wp-json\/wp\/v2\/pages\/5175\/revisions"}],"predecessor-version":[{"id":6090,"href":"https:\/\/guadagna-con-noi.com\/lacucinadisilvia\/wp-json\/wp\/v2\/pages\/5175\/revisions\/6090"}],"wp:attachment":[{"href":"https:\/\/guadagna-con-noi.com\/lacucinadisilvia\/wp-json\/wp\/v2\/media?parent=5175"}],"curies":[{"name":"wp","href":"https:\/\/api.w.org\/{rel}","templated":true}]}}